{"id":6192,"date":"2024-04-17T10:16:25","date_gmt":"2024-04-17T08:16:25","guid":{"rendered":"https:\/\/ingenieure-international.de\/?page_id=6192"},"modified":"2024-07-17T09:55:29","modified_gmt":"2024-07-17T07:55:29","slug":"enquiry","status":"publish","type":"page","link":"https:\/\/ingenieure-international.de\/en\/enquiry\/","title":{"rendered":"Enquiry"},"content":{"rendered":"<div data-elementor-type=\"wp-page\" data-elementor-id=\"6192\" class=\"elementor elementor-6192\">\n\t\t\t\t\t\t<section class=\"elementor-section elementor-top-section elementor-element elementor-element-4aa0c73 elementor-section-boxed elementor-section-height-default elementor-section-height-default\" data-id=\"4aa0c73\" data-element_type=\"section\">\n\t\t\t\t\t\t<div class=\"elementor-container elementor-column-gap-no\">\n\t\t\t\t\t<div class=\"elementor-column elementor-col-100 elementor-top-column elementor-element elementor-element-ce17d52\" data-id=\"ce17d52\" data-element_type=\"column\">\n\t\t\t<div class=\"elementor-widget-wrap elementor-element-populated\">\n\t\t\t\t\t\t<div class=\"elementor-element elementor-element-d41152a elementor-widget elementor-widget-spacer\" data-id=\"d41152a\" data-element_type=\"widget\" data-widget_type=\"spacer.default\">\n\t\t\t\t<div class=\"elementor-widget-container\">\n\t\t\t\t\t\t\t<div class=\"elementor-spacer\">\n\t\t\t<div class=\"elementor-spacer-inner\"><\/div>\n\t\t<\/div>\n\t\t\t\t\t\t<\/div>\n\t\t\t\t<\/div>\n\t\t\t\t<section class=\"elementor-section elementor-inner-section elementor-element elementor-element-00f9543 elementor-section-boxed elementor-section-height-default elementor-section-height-default\" data-id=\"00f9543\" data-element_type=\"section\">\n\t\t\t\t\t\t<div class=\"elementor-container elementor-column-gap-default\">\n\t\t\t\t\t<div class=\"elementor-column elementor-col-100 elementor-inner-column elementor-element elementor-element-dd6f621\" data-id=\"dd6f621\" data-element_type=\"column\">\n\t\t\t<div class=\"elementor-widget-wrap elementor-element-populated\">\n\t\t\t\t\t\t<div class=\"elementor-element elementor-element-fe0f924 align-center heading-default elementor-widget elementor-widget-mae-headings\" data-id=\"fe0f924\" data-element_type=\"widget\" data-widget_type=\"mae-headings.default\">\n\t\t\t\t<div class=\"elementor-widget-container\">\n\t\t\t\t\t\t\t<div class=\"master-heading sep-none\">\n\t\t\t\t\t\t\t        \t        \t<div class=\"pre-heading\"><span class=\"line\"><span class=\"inner\"><\/span><\/span>Hire Engineers<\/div>\n\t        \n\t        \n\t        \t        <h2 class=\"main-heading\">Make a personnel enquiry<\/h2>\n\t        \n\t        \n\t        \t            <div class=\"sub-heading\">Request your personalised offer without obligation. After receiving your enquiry, you will receive our offer within 24 hours on working days and 48 hours on weekends and public holidays.<\/div>\n\t        \t    <\/div>\n\t    \t\t\t\t<\/div>\n\t\t\t\t<\/div>\n\t\t\t\t\t<\/div>\n\t\t<\/div>\n\t\t\t\t\t<\/div>\n\t\t<\/section>\n\t\t\t\t\t<\/div>\n\t\t<\/div>\n\t\t\t\t\t<\/div>\n\t\t<\/section>\n\t\t<div class=\"elementor-element elementor-element-62536d4 e-flex e-con-boxed e-con e-parent\" data-id=\"62536d4\" data-element_type=\"container\">\n\t\t\t\t\t<div class=\"e-con-inner\">\n\t\t<div class=\"elementor-element elementor-element-805c719 e-con-full e-flex e-con e-child\" data-id=\"805c719\" data-element_type=\"container\">\n\t\t\t\t<div class=\"elementor-element elementor-element-4c05e9c elementor-widget elementor-widget-text-editor\" data-id=\"4c05e9c\" data-element_type=\"widget\" data-widget_type=\"text-editor.default\">\n\t\t\t\t<div class=\"elementor-widget-container\">\n\t\t\t\t\t\t\t\t\t<p><style id=\"wpforms-css-vars-8074\">\n\t\t\t\t#wpforms-8074 {\n\t\t\t\t--wpforms-container-padding: 0px;\n--wpforms-container-border-width: 1px;\n--wpforms-container-border-radius: 3px;\n--wpforms-background-color: rgba(0, 0, 0, 0);\n--wpforms-field-size-input-height: 43px;\n--wpforms-field-size-input-spacing: 15px;\n--wpforms-field-size-font-size: 16px;\n--wpforms-field-size-line-height: 19px;\n--wpforms-field-size-padding-h: 14px;\n--wpforms-field-size-checkbox-size: 16px;\n--wpforms-field-size-sublabel-spacing: 5px;\n--wpforms-field-size-icon-size: 1;\n--wpforms-label-size-font-size: 16px;\n--wpforms-label-size-line-height: 19px;\n--wpforms-label-size-sublabel-font-size: 14px;\n--wpforms-label-size-sublabel-line-height: 17px;\n--wpforms-button-size-font-size: 17px;\n--wpforms-button-size-height: 41px;\n--wpforms-button-size-padding-h: 15px;\n--wpforms-button-size-margin-top: 10px;\n--wpforms-container-shadow-size-box-shadow: none;\n\t\t\t}\n\t\t\t<\/style><div class=\"wpforms-container wpforms-container-full wpforms-render-modern\" id=\"wpforms-8074\"><form id=\"wpforms-form-8074\" class=\"wpforms-validate wpforms-form wpforms-ajax-form\" data-formid=\"8074\" method=\"post\" enctype=\"multipart\/form-data\" action=\"\/en\/wp-json\/wp\/v2\/pages\/6192\" data-token=\"e857cf00db65cc6b410c3925c25b84c1\" data-token-time=\"1775920539\" data-trp-original-action=\"\/en\/wp-json\/wp\/v2\/pages\/6192\"><noscript class=\"wpforms-error-noscript\">Please enable JavaScript in your browser to complete this form.<\/noscript><div id=\"wpforms-error-noscript\" style=\"display: none;\">Please enable JavaScript in your browser to complete this form.<\/div><div class=\"wpforms-field-container\"><div id=\"wpforms-8074-field_4-container\" class=\"wpforms-field wpforms-field-text\" data-field-id=\"4\"><label class=\"wpforms-field-label\" for=\"wpforms-8074-field_4\">companies, <span class=\"wpforms-required-label\" aria-hidden=\"true\">*<\/span><\/label><input type=\"text\" id=\"wpforms-8074-field_4\" class=\"wpforms-field-large wpforms-field-required\" name=\"wpforms[fields][4]\" aria-errormessage=\"wpforms-8074-field_4-error\" required><\/div><div id=\"wpforms-8074-field_8-container\" class=\"wpforms-field wpforms-field-text\" data-field-id=\"8\"><label class=\"wpforms-field-label\" for=\"wpforms-8074-field_8\">Surname, first name <span class=\"wpforms-required-label\" aria-hidden=\"true\">*<\/span><\/label><input type=\"text\" id=\"wpforms-8074-field_8\" class=\"wpforms-field-large wpforms-field-required\" name=\"wpforms[fields][8]\" aria-errormessage=\"wpforms-8074-field_8-error\" required><\/div><div id=\"wpforms-8074-field_10-container\" class=\"wpforms-field wpforms-field-text\" data-field-id=\"10\"><label class=\"wpforms-field-label\" for=\"wpforms-8074-field_10\">Area code, telephone number <span class=\"wpforms-required-label\" aria-hidden=\"true\">*<\/span><\/label><input type=\"text\" id=\"wpforms-8074-field_10\" class=\"wpforms-field-medium wpforms-field-required\" name=\"wpforms[fields][10]\" placeholder=\"e.g. +49 13333323435\" aria-errormessage=\"wpforms-8074-field_10-error\" required><\/div><div id=\"wpforms-8074-field_1-container\" class=\"wpforms-field wpforms-field-email\" data-field-id=\"1\"><label class=\"wpforms-field-label\" for=\"wpforms-8074-field_1\">email <span class=\"wpforms-required-label\" aria-hidden=\"true\">*<\/span><\/label><input type=\"email\" id=\"wpforms-8074-field_1\" class=\"wpforms-field-large wpforms-field-required\" name=\"wpforms[fields][1]\" spellcheck=\"false\" aria-errormessage=\"wpforms-8074-field_1-error\" required><\/div><div id=\"wpforms-8074-field_2-container\" class=\"wpforms-field wpforms-field-textarea\" data-field-id=\"2\"><label class=\"wpforms-field-label\" for=\"wpforms-8074-field_2\">Your message <span class=\"wpforms-required-label\" aria-hidden=\"true\">*<\/span><\/label><textarea id=\"wpforms-8074-field_2\" class=\"wpforms-field-medium wpforms-field-required\" name=\"wpforms[fields][2]\" aria-errormessage=\"wpforms-8074-field_2-error\" required><\/textarea><\/div><\/div><!-- .wpforms-field-container --><div class=\"wpforms-submit-container\" ><input type=\"hidden\" name=\"wpforms[id]\" value=\"8074\"><input type=\"hidden\" name=\"page_title\" value=\"\"><input type=\"hidden\" name=\"page_url\" value=\"https:\/\/ingenieure-international.de\/en\/wp-json\/wp\/v2\/pages\/6192\"><input type=\"hidden\" name=\"url_referer\" value=\"\"><button type=\"submit\" name=\"wpforms[submit]\" id=\"wpforms-submit-8074\" class=\"wpforms-submit\" data-alt-text=\"Ihre Nachricht wird gesendet\" data-submit-text=\"Absenden\" aria-live=\"assertive\" value=\"wpforms-submit\">Sending<\/button><img decoding=\"async\" data-src=\"https:\/\/ingenieure-international.de\/wp-content\/plugins\/wpforms-lite\/assets\/images\/submit-spin.svg\" class=\"wpforms-submit-spinner lazyload\" style=\"--smush-placeholder-width: 26px; --smush-placeholder-aspect-ratio: 26\/26;display: none;\" width=\"26\" height=\"26\" alt=\"Loading\" src=\"data:image\/svg+xml;base64,PHN2ZyB3aWR0aD0iMSIgaGVpZ2h0PSIxIiB4bWxucz0iaHR0cDovL3d3dy53My5vcmcvMjAwMC9zdmciPjwvc3ZnPg==\"><\/div><input type=\"hidden\" name=\"trp-form-language\" value=\"en\"\/><\/form><\/div>  <!-- .wpforms-container --><\/p>\t\t\t\t\t\t\t\t<\/div>\n\t\t\t\t<\/div>\n\t\t\t\t<\/div>\n\t\t<div class=\"elementor-element elementor-element-2c4f4dc e-con-full e-flex e-con e-child\" data-id=\"2c4f4dc\" data-element_type=\"container\">\n\t\t\t\t<div class=\"elementor-element elementor-element-0144412 elementor-widget elementor-widget-heading\" data-id=\"0144412\" data-element_type=\"widget\" data-widget_type=\"heading.default\">\n\t\t\t\t<div class=\"elementor-widget-container\">\n\t\t\t\t\t<h3 class=\"elementor-heading-title elementor-size-default\">Call now!<\/h3>\t\t\t\t<\/div>\n\t\t\t\t<\/div>\n\t\t\t\t<div class=\"elementor-element elementor-element-569cb12 align-center icon-box-default icon-position-top elementor-widget elementor-widget-mae-icon-box\" data-id=\"569cb12\" data-element_type=\"widget\" data-widget_type=\"mae-icon-box.default\">\n\t\t\t\t<div class=\"elementor-widget-container\">\n\t\t\t\t\t                <div class=\"master-icon-box\" >\n                        \n            <div class=\"inner\">\n                <div class=\"icon-wrap\"><div class=\"master-icon\"><svg xmlns=\"http:\/\/www.w3.org\/2000\/svg\" xml:space=\"preserve\" width=\"682.66669\" height=\"682.66669\" viewbox=\"0 0 682.66669 682.66669\">  <defs id=\"defs3106\">    <clippath id=\"clipPath3116\">      <path d=\"M 0,512 H 512 V 0 H 0 Z\" id=\"path3114\"><\/path>    <\/clippath>  <\/defs>  <g id=\"g3108\" transform=\"matrix(1.3333333,0,0,-1.3333333,0,682.66667)\">    <g id=\"g3110\">      <g id=\"g3112\" clip-path=\"url(#clipPath3116)\">        <g id=\"g3118\" transform=\"translate(291.4297,501.8896)\">          <path d=\"M 0,0 C 116.11,0 210.57,-94.46 210.57,-210.569\" style=\"fill:none;stroke:currentColor;stroke-width:20;stroke-linecap:round;stroke-linejoin:round;stroke-miterlimit:10;stroke-dasharray:none;stroke-opacity:1\" id=\"path3120\"><\/path>        <\/g>        <g id=\"g3122\" transform=\"translate(291.4297,441.7305)\">          <path d=\"M 0,0 C 82.931,0 150.41,-67.48 150.41,-150.41\" style=\"fill:none;stroke:currentColor;stroke-width:20;stroke-linecap:round;stroke-linejoin:round;stroke-miterlimit:10;stroke-dasharray:none;stroke-opacity:1\" id=\"path3124\"><\/path>        <\/g>        <g id=\"g3126\" transform=\"translate(291.4297,381.5596)\">          <path d=\"M 0,0 C 49.761,0 90.24,-40.479 90.24,-90.239\" style=\"fill:none;stroke:currentColor;stroke-width:20;stroke-linecap:round;stroke-linejoin:round;stroke-miterlimit:10;stroke-dasharray:none;stroke-opacity:1\" id=\"path3128\"><\/path>        <\/g>        <g id=\"g3130\" transform=\"translate(291.4297,321.4004)\">          <path d=\"M 0,0 C 16.61,0 30.08,-13.471 30.08,-30.08\" style=\"fill:none;stroke:currentColor;stroke-width:20;stroke-linecap:round;stroke-linejoin:round;stroke-miterlimit:10;stroke-dasharray:none;stroke-opacity:1\" id=\"path3132\"><\/path>        <\/g>        <g id=\"g3134\" transform=\"translate(187.418,187.1963)\">          <path d=\"m 0,0 c 0,-5.523 -4.477,-10 -10,-10 -5.522,0 -10,4.477 -10,10 0,5.522 4.478,10 10,10 C -4.477,10 0,5.522 0,0\" style=\"fill:currentColor;fill-opacity:1;fill-rule:nonzero;stroke:none\" id=\"path3136\"><\/path>        <\/g>        <g id=\"g3138\" transform=\"translate(148.1973,221.3926)\">          <path d=\"m 0,0 c -6.344,8.333 -12.356,16.938 -18.018,25.798 -7.439,11.649 -5.189,27.079 4.58,36.849 l 33.951,33.951 c 7.309,7.299 7.309,19.149 0,26.45 l -79.901,79.899 c -7.3,7.311 -19.149,7.311 -26.449,0 l -20.221,-20.219 c -32.819,-32.811 -41.689,-82.89 -21.089,-124.47 36.65,-73.99 112.07,-187.41 257.37,-258.66 41.71,-20.441 92.02,-11.771 124.86,21.069 l 20.68,20.681 c 7.309,7.299 7.309,19.149 0,26.46 l -79.901,79.889 c -7.3,7.311 -19.149,7.311 -26.449,0 l -33.95,-33.95 c -9.771,-9.769 -25.2,-12.019 -36.851,-4.58 -12.603,8.055 -24.698,16.822 -36.228,26.25\" style=\"fill:none;stroke:currentColor;stroke-width:20;stroke-linecap:round;stroke-linejoin:round;stroke-miterlimit:10;stroke-dasharray:none;stroke-opacity:1\" id=\"path3140\"><\/path>        <\/g>      <\/g>    <\/g>  <\/g><\/svg><\/div><\/div>\n                <div class=\"text-wrap\">\n                    <h2 class=\"headline-2\">Available 24 hours a day<\/h2><div class=\"desc\">+49 172 7477707<\/div>                <\/div>\n            <\/div>\n\n            <div class=\"bg-static\"><\/div>        <\/div>\n        \t\t\t\t<\/div>\n\t\t\t\t<\/div>\n\t\t\t\t<\/div>\n\t\t\t\t\t<\/div>\n\t\t\t\t<\/div>\n\t\t\t\t<\/div>","protected":false},"excerpt":{"rendered":"<p>Engineers Enquiries Make a personnel enquiry Request your personal offer without obligation. After receiving your enquiry, you will receive our offer within 24 hours on working days and 48 hours on weekends and public holidays. Call us now! Available 24 hours a day +49 172 7477707<\/p>","protected":false},"author":1,"featured_media":0,"parent":0,"menu_order":0,"comment_status":"closed","ping_status":"closed","template":"","meta":{"inline_featured_image":false,"footnotes":""},"class_list":["post-6192","page","type-page","status-publish","hentry"],"yoast_head":"<!-- This site is optimized with the Yoast SEO Premium plugin v26.4 (Yoast SEO v26.4) - https:\/\/yoast.com\/wordpress\/plugins\/seo\/ -->\n<title>Anfrage - Ingenieure International<\/title>\n<meta name=\"robots\" content=\"index, follow, max-snippet:-1, max-image-preview:large, max-video-preview:-1\" \/>\n<link rel=\"canonical\" href=\"https:\/\/ingenieure-international.de\/en\/enquiry\/\" \/>\n<meta property=\"og:locale\" content=\"en_GB\" \/>\n<meta property=\"og:type\" content=\"article\" \/>\n<meta property=\"og:title\" content=\"Anfrage\" \/>\n<meta property=\"og:description\" content=\"Ingenieure Anfragen Stellen Sie eine Personalanfrage Fordern Sie unverbindlich Ihr pers\u00f6nliches Angebot an. Nach Eingang Ihrer Anfrage erhalten Sie unser Angebot innerhalb von 24 Stunden an Werktagen, bzw. 48 Stunden an Wochenenden und Feiertagen. Jetzt anrufen! 24 Stunden erreichbar +49 172 7477707\" \/>\n<meta property=\"og:url\" content=\"https:\/\/ingenieure-international.de\/en\/enquiry\/\" \/>\n<meta property=\"og:site_name\" content=\"Ingenieure International\" \/>\n<meta property=\"article:publisher\" content=\"https:\/\/www.facebook.com\/ingenieure.international\/\" \/>\n<meta property=\"article:modified_time\" content=\"2024-07-17T07:55:29+00:00\" \/>\n<meta property=\"og:image\" content=\"https:\/\/ingenieure-international.de\/wp-content\/uploads\/2024\/04\/iStock-1455167761-scaled.jpg\" \/>\n\t<meta property=\"og:image:width\" content=\"2560\" \/>\n\t<meta property=\"og:image:height\" content=\"1707\" \/>\n\t<meta property=\"og:image:type\" content=\"image\/jpeg\" \/>\n<meta name=\"twitter:card\" content=\"summary_large_image\" \/>\n<meta name=\"twitter:label1\" content=\"Estimated reading time\" \/>\n\t<meta name=\"twitter:data1\" content=\"1 minute\" \/>\n<script type=\"application\/ld+json\" class=\"yoast-schema-graph\">{\"@context\":\"https:\/\/schema.org\",\"@graph\":[{\"@type\":\"WebPage\",\"@id\":\"https:\/\/ingenieure-international.de\/anfrage\/\",\"url\":\"https:\/\/ingenieure-international.de\/anfrage\/\",\"name\":\"Anfrage - Ingenieure International\",\"isPartOf\":{\"@id\":\"https:\/\/ingenieure-international.de\/#website\"},\"datePublished\":\"2024-04-17T08:16:25+00:00\",\"dateModified\":\"2024-07-17T07:55:29+00:00\",\"breadcrumb\":{\"@id\":\"https:\/\/ingenieure-international.de\/anfrage\/#breadcrumb\"},\"inLanguage\":\"en-GB\",\"potentialAction\":[{\"@type\":\"ReadAction\",\"target\":[\"https:\/\/ingenieure-international.de\/anfrage\/\"]}]},{\"@type\":\"BreadcrumbList\",\"@id\":\"https:\/\/ingenieure-international.de\/anfrage\/#breadcrumb\",\"itemListElement\":[{\"@type\":\"ListItem\",\"position\":1,\"name\":\"Startseite\",\"item\":\"https:\/\/ingenieure-international.de\/\"},{\"@type\":\"ListItem\",\"position\":2,\"name\":\"Anfrage\"}]},{\"@type\":\"WebSite\",\"@id\":\"https:\/\/ingenieure-international.de\/#website\",\"url\":\"https:\/\/ingenieure-international.de\/\",\"name\":\"Personalvermittlung und Arbeitnehmer\u00fcberlassung Ingenieure aus dem Ausland\",\"description\":\"Personalvermittlung, Zeitarbeit, Werkvertr\u00e4ge\",\"publisher\":{\"@id\":\"https:\/\/ingenieure-international.de\/#organization\"},\"alternateName\":\"A\u00dcG, Internationale Ingenieur Vermittlung\",\"potentialAction\":[{\"@type\":\"SearchAction\",\"target\":{\"@type\":\"EntryPoint\",\"urlTemplate\":\"https:\/\/ingenieure-international.de\/?s={search_term_string}\"},\"query-input\":{\"@type\":\"PropertyValueSpecification\",\"valueRequired\":true,\"valueName\":\"search_term_string\"}}],\"inLanguage\":\"en-GB\"},{\"@type\":\"Organization\",\"@id\":\"https:\/\/ingenieure-international.de\/#organization\",\"name\":\"Zeitarbeit International\",\"alternateName\":\"Internationale Personalvermittlung Ingenieure\",\"url\":\"https:\/\/ingenieure-international.de\/\",\"logo\":{\"@type\":\"ImageObject\",\"inLanguage\":\"en-GB\",\"@id\":\"https:\/\/ingenieure-international.de\/#\/schema\/logo\/image\/\",\"url\":\"https:\/\/ingenieure-international.de\/wp-content\/uploads\/2023\/10\/ing_3-1-e1713856504850.png\",\"contentUrl\":\"https:\/\/ingenieure-international.de\/wp-content\/uploads\/2023\/10\/ing_3-1-e1713856504850.png\",\"width\":692,\"height\":691,\"caption\":\"Zeitarbeit International\"},\"image\":{\"@id\":\"https:\/\/ingenieure-international.de\/#\/schema\/logo\/image\/\"},\"sameAs\":[\"https:\/\/www.facebook.com\/ingenieure.international\/\",\"https:\/\/www.xing.com\/pages\/zeitarbeit-international-s-r-o\",\"https:\/\/www.instagram.com\/ingenieureinternational\/\",\"https:\/\/www.linkedin.com\/company\/ingenieure-international\/\"],\"description\":\"Zeitarbeit International - Personaldienstleister im Ingenieurwesen und IT. Zeitarbeit International ist einer der weltweit f\u00fchrenden Personaldienstleister im Bereich Ingenieurwesen und IT Branche, der international t\u00e4tig ist. Wir bringen Unternehmen in Deutschland und EU L\u00e4ndern mit Spezialistinnen im Ingenieurwesen und IT aus dem Ausland zusammen. Als zuverl\u00e4ssiger Personaldienstleister begleiten wir Fachkr\u00e4fte aus dem Ausland \u00fcber ihre gesamte Karriere hinweg und beraten Unternehmen zu Personall\u00f6sungen in allen Vertragsarten \u2013 von Arbeitnehmer\u00fcberlassung, \u00fcber Werkvertr\u00e4ge, Freelancer sowie Festanstellung. Wir \u00fcbernehmen die komplette Abwicklung: Organisation, Verwaltung, Arbeitserlaubnisse, Genehmigungswesen, Vertragsabwicklung, Unterkunft, Verpflegung, Anfahrt und sind damit ein starker Partner gegen den Fachkr\u00e4ftemangel.\",\"email\":\"info@zeitarbeit-international.de\",\"telephone\":\"+49 172 7477707\",\"legalName\":\"Zeitarbeit International s.r.o.\",\"vatID\":\"USt-IdNr: SK2122039601\",\"numberOfEmployees\":{\"@type\":\"QuantitativeValue\",\"minValue\":\"1\",\"maxValue\":\"10\"}}]}<\/script>\n<!-- \/ Yoast SEO Premium plugin. -->","yoast_head_json":{"title":"Enquiry - Engineers International","robots":{"index":"index","follow":"follow","max-snippet":"max-snippet:-1","max-image-preview":"max-image-preview:large","max-video-preview":"max-video-preview:-1"},"canonical":"https:\/\/ingenieure-international.de\/en\/enquiry\/","og_locale":"en_GB","og_type":"article","og_title":"Anfrage","og_description":"Ingenieure Anfragen Stellen Sie eine Personalanfrage Fordern Sie unverbindlich Ihr pers\u00f6nliches Angebot an. Nach Eingang Ihrer Anfrage erhalten Sie unser Angebot innerhalb von 24 Stunden an Werktagen, bzw. 48 Stunden an Wochenenden und Feiertagen. Jetzt anrufen! 24 Stunden erreichbar +49 172 7477707","og_url":"https:\/\/ingenieure-international.de\/en\/enquiry\/","og_site_name":"Ingenieure International","article_publisher":"https:\/\/www.facebook.com\/ingenieure.international\/","article_modified_time":"2024-07-17T07:55:29+00:00","og_image":[{"width":2560,"height":1707,"url":"https:\/\/ingenieure-international.de\/wp-content\/uploads\/2024\/04\/iStock-1455167761-scaled.jpg","type":"image\/jpeg"}],"twitter_card":"summary_large_image","twitter_misc":{"Estimated reading time":"1 minute"},"schema":{"@context":"https:\/\/schema.org","@graph":[{"@type":"WebPage","@id":"https:\/\/ingenieure-international.de\/anfrage\/","url":"https:\/\/ingenieure-international.de\/anfrage\/","name":"Enquiry - Engineers International","isPartOf":{"@id":"https:\/\/ingenieure-international.de\/#website"},"datePublished":"2024-04-17T08:16:25+00:00","dateModified":"2024-07-17T07:55:29+00:00","breadcrumb":{"@id":"https:\/\/ingenieure-international.de\/anfrage\/#breadcrumb"},"inLanguage":"en-GB","potentialAction":[{"@type":"ReadAction","target":["https:\/\/ingenieure-international.de\/anfrage\/"]}]},{"@type":"BreadcrumbList","@id":"https:\/\/ingenieure-international.de\/anfrage\/#breadcrumb","itemListElement":[{"@type":"ListItem","position":1,"name":"Startseite","item":"https:\/\/ingenieure-international.de\/"},{"@type":"ListItem","position":2,"name":"Anfrage"}]},{"@type":"WebSite","@id":"https:\/\/ingenieure-international.de\/#website","url":"https:\/\/ingenieure-international.de\/","name":"Recruitment and temporary employment of engineers from abroad","description":"Recruitment, temporary work, contracts for work and labour","publisher":{"@id":"https:\/\/ingenieure-international.de\/#organization"},"alternateName":"A\u00dcG, Internationale Ingenieur Vermittlung","potentialAction":[{"@type":"SearchAction","target":{"@type":"EntryPoint","urlTemplate":"https:\/\/ingenieure-international.de\/?s={search_term_string}"},"query-input":{"@type":"PropertyValueSpecification","valueRequired":true,"valueName":"search_term_string"}}],"inLanguage":"en-GB"},{"@type":"Organization","@id":"https:\/\/ingenieure-international.de\/#organization","name":"Temporary Employment International","alternateName":"Internationale Personalvermittlung Ingenieure","url":"https:\/\/ingenieure-international.de\/","logo":{"@type":"ImageObject","inLanguage":"en-GB","@id":"https:\/\/ingenieure-international.de\/#\/schema\/logo\/image\/","url":"https:\/\/ingenieure-international.de\/wp-content\/uploads\/2023\/10\/ing_3-1-e1713856504850.png","contentUrl":"https:\/\/ingenieure-international.de\/wp-content\/uploads\/2023\/10\/ing_3-1-e1713856504850.png","width":692,"height":691,"caption":"Zeitarbeit International"},"image":{"@id":"https:\/\/ingenieure-international.de\/#\/schema\/logo\/image\/"},"sameAs":["https:\/\/www.facebook.com\/ingenieure.international\/","https:\/\/www.xing.com\/pages\/zeitarbeit-international-s-r-o","https:\/\/www.instagram.com\/ingenieureinternational\/","https:\/\/www.linkedin.com\/company\/ingenieure-international\/"],"description":"Zeitarbeit International - Personnel service provider in engineering and IT. Zeitarbeit International is one of the world's leading personnel service providers in the engineering and IT sector, operating internationally. We bring companies in Germany and EU countries together with specialists in engineering and IT from abroad. As a reliable personnel service provider, we support specialists from abroad throughout their entire career and advise companies on personnel solutions in all types of contracts - from temporary employment to contracts for work and labour, freelancers and permanent positions. We take care of the entire process: organisation, administration, work permits, approvals, contract processing, accommodation, meals and travel, making us a strong partner in combating the shortage of skilled workers.","email":"info@zeitarbeit-international.de","telephone":"+49 172 7477707","legalName":"Zeitarbeit International s.r.o.","vatID":"USt-IdNr: SK2122039601","numberOfEmployees":{"@type":"QuantitativeValue","minValue":"1","maxValue":"10"}}]}},"_links":{"self":[{"href":"https:\/\/ingenieure-international.de\/en\/wp-json\/wp\/v2\/pages\/6192","targetHints":{"allow":["GET"]}}],"collection":[{"href":"https:\/\/ingenieure-international.de\/en\/wp-json\/wp\/v2\/pages"}],"about":[{"href":"https:\/\/ingenieure-international.de\/en\/wp-json\/wp\/v2\/types\/page"}],"author":[{"embeddable":true,"href":"https:\/\/ingenieure-international.de\/en\/wp-json\/wp\/v2\/users\/1"}],"replies":[{"embeddable":true,"href":"https:\/\/ingenieure-international.de\/en\/wp-json\/wp\/v2\/comments?post=6192"}],"version-history":[{"count":0,"href":"https:\/\/ingenieure-international.de\/en\/wp-json\/wp\/v2\/pages\/6192\/revisions"}],"wp:attachment":[{"href":"https:\/\/ingenieure-international.de\/en\/wp-json\/wp\/v2\/media?parent=6192"}],"curies":[{"name":"wp","href":"https:\/\/api.w.org\/{rel}","templated":true}]}}