{"id":9193,"date":"2024-10-16T08:45:48","date_gmt":"2024-10-16T06:45:48","guid":{"rendered":"https:\/\/ingenieure-international.de\/?page_id=9193"},"modified":"2025-10-02T07:20:07","modified_gmt":"2025-10-02T05:20:07","slug":"candidates","status":"publish","type":"page","link":"https:\/\/ingenieure-international.de\/en\/candidates\/","title":{"rendered":"Candidates"},"content":{"rendered":"<h2 class=\"wp-block-heading has-text-align-center\" id=\"h-aktuell-verfugbare-ingenieure\">Engineers currently available<\/h2>\n\n\n\n<p class=\"has-text-align-center\">Submit a non-binding enquiry by entering the applicant name that you find on the applicant profile. We will get back to you within 24 hours.<\/p>\n\n\n\n<div class=\"job_listings\" data-location=\"\" data-keywords=\"\" data-show_filters=\"true\" data-show_pagination=\"false\" data-per_page=\"10\" data-orderby=\"featured\" data-order=\"DESC\" data-categories=\"\" data-disable-form-state-storage=\"\" data-featured_first=\"false\" data-post_id=\"9193\" >\n<form class=\"job_filters\" action=\"\">\n\t\n\t<div class=\"search_jobs\">\n\t\t\n\t\t<div class=\"search_keywords\">\n\t\t\t<label for=\"search_keywords\">Keywords<\/label>\n\t\t\t<input type=\"text\" name=\"search_keywords\" id=\"search_keywords\" placeholder=\"Keywords\" value=\"\" \/>\n\t\t<\/div>\n\n\t\t<div class=\"search_location\">\n\t\t\t<label for=\"search_location\">Location<\/label>\n\t\t\t<input type=\"text\" name=\"search_location\" id=\"search_location\" placeholder=\"Location\" value=\"\" \/>\n\t\t<\/div>\n\n\t\t\n\t\t<div style=\"clear: both\"><\/div>\n\n\t\t\t\t\t<div class=\"search_categories\">\n\t\t\t\t<label for=\"search_categories\">Category<\/label>\n\t\t\t\t\t\t\t\t\t<select name='search_categories[]' id='search_categories' class='job-manager-category-dropdown' multiple='multiple' data-placeholder='Choose a category&hellip;' data-no_results_text='No results match.' data-multiple_text='Select Some Options'>\n\t<option class=\"level-0\" value=\"89\">Architecture<\/option>\n\t<option class=\"level-0\" value=\"76\">Automation engineer<\/option>\n\t<option class=\"level-0\" value=\"86\">Civil engineer<\/option>\n\t<option class=\"level-0\" value=\"75\">Chemical Engineer<\/option>\n\t<option class=\"level-0\" value=\"85\">Electromechanics<\/option>\n\t<option class=\"level-0\" value=\"78\">Electrical engineering, electronics<\/option>\n\t<option class=\"level-0\" value=\"82\">Development engineer<\/option>\n\t<option class=\"level-0\" value=\"80\">HVAC Engineer<\/option>\n\t<option class=\"level-0\" value=\"79\">Mechanical Engineer<\/option>\n\t<option class=\"level-0\" value=\"77\">Mechatronics engineer<\/option>\n<\/select>\n\t\t\t\t\t\t\t<\/div>\n\t\t\n\t\t\t\t\t<div class=\"search_submit\">\n\t\t\t\t<input type=\"submit\" value=\"Search Jobs\">\n\t\t\t<\/div>\n\t\t\n\t\t\t<\/div>\n\n\t\t<ul class=\"job_types\">\n\t\t\t\t\t<li><label for=\"job_type_freelance\" class=\"freelance\"><input type=\"checkbox\" name=\"filter_job_type[]\" value=\"freelance\"  checked='checked' id=\"job_type_freelance\" \/> Freelance<\/label><\/li>\n\t\t\t\t\t<li><label for=\"job_type_temporary\" class=\"remote\"><input type=\"checkbox\" name=\"filter_job_type[]\" value=\"temporary\"  checked='checked' id=\"job_type_temporary\" \/> Remote<\/label><\/li>\n\t\t\t\t\t<li><label for=\"job_type_full-time\" class=\"vor-ort\"><input type=\"checkbox\" name=\"filter_job_type[]\" value=\"full-time\"  checked='checked' id=\"job_type_full-time\" \/> On site<\/label><\/li>\n\t\t\t<\/ul>\n\t<input type=\"hidden\" name=\"filter_job_type[]\" value=\"\" \/>\n<div class=\"showing_jobs\"><\/div><input type=\"hidden\" name=\"trp-form-language\" value=\"en\"\/><\/form>\n\n\n<noscript>Your browser does not support JavaScript, or it is disabled. JavaScript must be enabled in order to view listings.<\/noscript>\n<ul class=\"job_listings\">\n<\/ul>\n<a class=\"load_more_jobs\" href=\"#\" style=\"display:none;\"><strong>Load more listings<\/strong><\/a><\/div>","protected":false},"excerpt":{"rendered":"<p>Currently available engineers Make a non-binding enquiry by entering the applicant name you find on the applicant profile. We will get back to you within 24 hours.<\/p>","protected":false},"author":2,"featured_media":0,"parent":0,"menu_order":0,"comment_status":"closed","ping_status":"closed","template":"","meta":{"inline_featured_image":false,"footnotes":""},"class_list":["post-9193","page","type-page","status-publish","hentry"],"yoast_head":"<!-- This site is optimized with the Yoast SEO Premium plugin v26.4 (Yoast SEO v26.4) - https:\/\/yoast.com\/wordpress\/plugins\/seo\/ -->\n<title>Kandidaten - Ingenieure International<\/title>\n<meta name=\"robots\" content=\"index, follow, max-snippet:-1, max-image-preview:large, max-video-preview:-1\" \/>\n<link rel=\"canonical\" href=\"https:\/\/ingenieure-international.de\/en\/candidates\/\" \/>\n<meta property=\"og:locale\" content=\"en_GB\" \/>\n<meta property=\"og:type\" content=\"article\" \/>\n<meta property=\"og:title\" content=\"Kandidaten\" \/>\n<meta property=\"og:description\" content=\"Aktuell verf\u00fcgbare Ingenieure Stellen Sie eine unverbindliche Anfrage mit der Eingabe vom Bewerbernamen ein, den Sie auf dem Bewerberprofil finden. Wir melden uns innerhalb von 24 Stunden bei Ihnen.\" \/>\n<meta property=\"og:url\" content=\"https:\/\/ingenieure-international.de\/en\/candidates\/\" \/>\n<meta property=\"og:site_name\" content=\"Ingenieure International\" \/>\n<meta property=\"article:publisher\" content=\"https:\/\/www.facebook.com\/ingenieure.international\/\" \/>\n<meta property=\"article:modified_time\" content=\"2025-10-02T05:20:07+00:00\" \/>\n<meta property=\"og:image\" content=\"https:\/\/ingenieure-international.de\/wp-content\/uploads\/2024\/04\/iStock-1455167761-scaled.jpg\" \/>\n\t<meta property=\"og:image:width\" content=\"2560\" \/>\n\t<meta property=\"og:image:height\" content=\"1707\" \/>\n\t<meta property=\"og:image:type\" content=\"image\/jpeg\" \/>\n<meta name=\"twitter:card\" content=\"summary_large_image\" \/>\n<meta name=\"twitter:label1\" content=\"Estimated reading time\" \/>\n\t<meta name=\"twitter:data1\" content=\"1 minute\" \/>\n<script type=\"application\/ld+json\" class=\"yoast-schema-graph\">{\"@context\":\"https:\/\/schema.org\",\"@graph\":[{\"@type\":\"Article\",\"@id\":\"https:\/\/ingenieure-international.de\/kandidaten\/#article\",\"isPartOf\":{\"@id\":\"https:\/\/ingenieure-international.de\/kandidaten\/\"},\"author\":{\"name\":\"Ingenieure\",\"@id\":\"https:\/\/ingenieure-international.de\/#\/schema\/person\/064620735963b0986d160362e4519f5b\"},\"headline\":\"Kandidaten\",\"datePublished\":\"2024-10-16T06:45:48+00:00\",\"dateModified\":\"2025-10-02T05:20:07+00:00\",\"mainEntityOfPage\":{\"@id\":\"https:\/\/ingenieure-international.de\/kandidaten\/\"},\"wordCount\":31,\"publisher\":{\"@id\":\"https:\/\/ingenieure-international.de\/#organization\"},\"inLanguage\":\"en-GB\"},{\"@type\":[\"WebPage\",\"ItemPage\"],\"@id\":\"https:\/\/ingenieure-international.de\/kandidaten\/\",\"url\":\"https:\/\/ingenieure-international.de\/kandidaten\/\",\"name\":\"Kandidaten - Ingenieure International\",\"isPartOf\":{\"@id\":\"https:\/\/ingenieure-international.de\/#website\"},\"datePublished\":\"2024-10-16T06:45:48+00:00\",\"dateModified\":\"2025-10-02T05:20:07+00:00\",\"breadcrumb\":{\"@id\":\"https:\/\/ingenieure-international.de\/kandidaten\/#breadcrumb\"},\"inLanguage\":\"en-GB\",\"potentialAction\":[{\"@type\":\"ReadAction\",\"target\":[\"https:\/\/ingenieure-international.de\/kandidaten\/\"]}]},{\"@type\":\"BreadcrumbList\",\"@id\":\"https:\/\/ingenieure-international.de\/kandidaten\/#breadcrumb\",\"itemListElement\":[{\"@type\":\"ListItem\",\"position\":1,\"name\":\"Startseite\",\"item\":\"https:\/\/ingenieure-international.de\/\"},{\"@type\":\"ListItem\",\"position\":2,\"name\":\"Kandidaten\"}]},{\"@type\":\"WebSite\",\"@id\":\"https:\/\/ingenieure-international.de\/#website\",\"url\":\"https:\/\/ingenieure-international.de\/\",\"name\":\"Personalvermittlung und Arbeitnehmer\u00fcberlassung Ingenieure aus dem Ausland\",\"description\":\"Personalvermittlung, Zeitarbeit, Werkvertr\u00e4ge\",\"publisher\":{\"@id\":\"https:\/\/ingenieure-international.de\/#organization\"},\"alternateName\":\"A\u00dcG, Internationale Ingenieur Vermittlung\",\"potentialAction\":[{\"@type\":\"SearchAction\",\"target\":{\"@type\":\"EntryPoint\",\"urlTemplate\":\"https:\/\/ingenieure-international.de\/?s={search_term_string}\"},\"query-input\":{\"@type\":\"PropertyValueSpecification\",\"valueRequired\":true,\"valueName\":\"search_term_string\"}}],\"inLanguage\":\"en-GB\"},{\"@type\":\"Organization\",\"@id\":\"https:\/\/ingenieure-international.de\/#organization\",\"name\":\"Zeitarbeit International\",\"alternateName\":\"Internationale Personalvermittlung Ingenieure\",\"url\":\"https:\/\/ingenieure-international.de\/\",\"logo\":{\"@type\":\"ImageObject\",\"inLanguage\":\"en-GB\",\"@id\":\"https:\/\/ingenieure-international.de\/#\/schema\/logo\/image\/\",\"url\":\"https:\/\/ingenieure-international.de\/wp-content\/uploads\/2023\/10\/ing_3-1-e1713856504850.png\",\"contentUrl\":\"https:\/\/ingenieure-international.de\/wp-content\/uploads\/2023\/10\/ing_3-1-e1713856504850.png\",\"width\":692,\"height\":691,\"caption\":\"Zeitarbeit International\"},\"image\":{\"@id\":\"https:\/\/ingenieure-international.de\/#\/schema\/logo\/image\/\"},\"sameAs\":[\"https:\/\/www.facebook.com\/ingenieure.international\/\",\"https:\/\/www.xing.com\/pages\/zeitarbeit-international-s-r-o\",\"https:\/\/www.instagram.com\/ingenieureinternational\/\",\"https:\/\/www.linkedin.com\/company\/ingenieure-international\/\"],\"description\":\"Zeitarbeit International - Personaldienstleister im Ingenieurwesen und IT. Zeitarbeit International ist einer der weltweit f\u00fchrenden Personaldienstleister im Bereich Ingenieurwesen und IT Branche, der international t\u00e4tig ist. Wir bringen Unternehmen in Deutschland und EU L\u00e4ndern mit Spezialistinnen im Ingenieurwesen und IT aus dem Ausland zusammen. Als zuverl\u00e4ssiger Personaldienstleister begleiten wir Fachkr\u00e4fte aus dem Ausland \u00fcber ihre gesamte Karriere hinweg und beraten Unternehmen zu Personall\u00f6sungen in allen Vertragsarten \u2013 von Arbeitnehmer\u00fcberlassung, \u00fcber Werkvertr\u00e4ge, Freelancer sowie Festanstellung. Wir \u00fcbernehmen die komplette Abwicklung: Organisation, Verwaltung, Arbeitserlaubnisse, Genehmigungswesen, Vertragsabwicklung, Unterkunft, Verpflegung, Anfahrt und sind damit ein starker Partner gegen den Fachkr\u00e4ftemangel.\",\"email\":\"info@zeitarbeit-international.de\",\"telephone\":\"+49 172 7477707\",\"legalName\":\"Zeitarbeit International s.r.o.\",\"vatID\":\"USt-IdNr: SK2122039601\",\"numberOfEmployees\":{\"@type\":\"QuantitativeValue\",\"minValue\":\"1\",\"maxValue\":\"10\"}},{\"@type\":\"Person\",\"@id\":\"https:\/\/ingenieure-international.de\/#\/schema\/person\/064620735963b0986d160362e4519f5b\",\"name\":\"Ingenieure\",\"image\":{\"@type\":\"ImageObject\",\"inLanguage\":\"en-GB\",\"@id\":\"https:\/\/ingenieure-international.de\/#\/schema\/person\/image\/\",\"url\":\"https:\/\/secure.gravatar.com\/avatar\/bf0705ee7355d436dbb00a57719007236391f3acf93adc67df955e3ad435f3c9?s=96&d=mm&r=g\",\"contentUrl\":\"https:\/\/secure.gravatar.com\/avatar\/bf0705ee7355d436dbb00a57719007236391f3acf93adc67df955e3ad435f3c9?s=96&d=mm&r=g\",\"caption\":\"Ingenieure\"},\"url\":\"https:\/\/ingenieure-international.de\/en\/author\/ingenieure\/\"}]}<\/script>\n<!-- \/ Yoast SEO Premium plugin. -->","yoast_head_json":{"title":"Candidates - Engineers International","robots":{"index":"index","follow":"follow","max-snippet":"max-snippet:-1","max-image-preview":"max-image-preview:large","max-video-preview":"max-video-preview:-1"},"canonical":"https:\/\/ingenieure-international.de\/en\/candidates\/","og_locale":"en_GB","og_type":"article","og_title":"Kandidaten","og_description":"Aktuell verf\u00fcgbare Ingenieure Stellen Sie eine unverbindliche Anfrage mit der Eingabe vom Bewerbernamen ein, den Sie auf dem Bewerberprofil finden. Wir melden uns innerhalb von 24 Stunden bei Ihnen.","og_url":"https:\/\/ingenieure-international.de\/en\/candidates\/","og_site_name":"Ingenieure International","article_publisher":"https:\/\/www.facebook.com\/ingenieure.international\/","article_modified_time":"2025-10-02T05:20:07+00:00","og_image":[{"width":2560,"height":1707,"url":"https:\/\/ingenieure-international.de\/wp-content\/uploads\/2024\/04\/iStock-1455167761-scaled.jpg","type":"image\/jpeg"}],"twitter_card":"summary_large_image","twitter_misc":{"Estimated reading time":"1 minute"},"schema":{"@context":"https:\/\/schema.org","@graph":[{"@type":"Article","@id":"https:\/\/ingenieure-international.de\/kandidaten\/#article","isPartOf":{"@id":"https:\/\/ingenieure-international.de\/kandidaten\/"},"author":{"name":"Ingenieure","@id":"https:\/\/ingenieure-international.de\/#\/schema\/person\/064620735963b0986d160362e4519f5b"},"headline":"Kandidaten","datePublished":"2024-10-16T06:45:48+00:00","dateModified":"2025-10-02T05:20:07+00:00","mainEntityOfPage":{"@id":"https:\/\/ingenieure-international.de\/kandidaten\/"},"wordCount":31,"publisher":{"@id":"https:\/\/ingenieure-international.de\/#organization"},"inLanguage":"en-GB"},{"@type":["WebPage","ItemPage"],"@id":"https:\/\/ingenieure-international.de\/kandidaten\/","url":"https:\/\/ingenieure-international.de\/kandidaten\/","name":"Candidates - Engineers International","isPartOf":{"@id":"https:\/\/ingenieure-international.de\/#website"},"datePublished":"2024-10-16T06:45:48+00:00","dateModified":"2025-10-02T05:20:07+00:00","breadcrumb":{"@id":"https:\/\/ingenieure-international.de\/kandidaten\/#breadcrumb"},"inLanguage":"en-GB","potentialAction":[{"@type":"ReadAction","target":["https:\/\/ingenieure-international.de\/kandidaten\/"]}]},{"@type":"BreadcrumbList","@id":"https:\/\/ingenieure-international.de\/kandidaten\/#breadcrumb","itemListElement":[{"@type":"ListItem","position":1,"name":"Startseite","item":"https:\/\/ingenieure-international.de\/"},{"@type":"ListItem","position":2,"name":"Kandidaten"}]},{"@type":"WebSite","@id":"https:\/\/ingenieure-international.de\/#website","url":"https:\/\/ingenieure-international.de\/","name":"Recruitment and temporary employment of engineers from abroad","description":"Recruitment, temporary work, contracts for work and labour","publisher":{"@id":"https:\/\/ingenieure-international.de\/#organization"},"alternateName":"A\u00dcG, Internationale Ingenieur Vermittlung","potentialAction":[{"@type":"SearchAction","target":{"@type":"EntryPoint","urlTemplate":"https:\/\/ingenieure-international.de\/?s={search_term_string}"},"query-input":{"@type":"PropertyValueSpecification","valueRequired":true,"valueName":"search_term_string"}}],"inLanguage":"en-GB"},{"@type":"Organization","@id":"https:\/\/ingenieure-international.de\/#organization","name":"Temporary Employment International","alternateName":"Internationale Personalvermittlung Ingenieure","url":"https:\/\/ingenieure-international.de\/","logo":{"@type":"ImageObject","inLanguage":"en-GB","@id":"https:\/\/ingenieure-international.de\/#\/schema\/logo\/image\/","url":"https:\/\/ingenieure-international.de\/wp-content\/uploads\/2023\/10\/ing_3-1-e1713856504850.png","contentUrl":"https:\/\/ingenieure-international.de\/wp-content\/uploads\/2023\/10\/ing_3-1-e1713856504850.png","width":692,"height":691,"caption":"Zeitarbeit International"},"image":{"@id":"https:\/\/ingenieure-international.de\/#\/schema\/logo\/image\/"},"sameAs":["https:\/\/www.facebook.com\/ingenieure.international\/","https:\/\/www.xing.com\/pages\/zeitarbeit-international-s-r-o","https:\/\/www.instagram.com\/ingenieureinternational\/","https:\/\/www.linkedin.com\/company\/ingenieure-international\/"],"description":"Zeitarbeit International - Personnel service provider in engineering and IT. Zeitarbeit International is one of the world's leading personnel service providers in the engineering and IT sector, operating internationally. We bring companies in Germany and EU countries together with specialists in engineering and IT from abroad. As a reliable personnel service provider, we support specialists from abroad throughout their entire career and advise companies on personnel solutions in all types of contracts - from temporary employment to contracts for work and labour, freelancers and permanent positions. We take care of the entire process: organisation, administration, work permits, approvals, contract processing, accommodation, meals and travel, making us a strong partner in combating the shortage of skilled workers.","email":"info@zeitarbeit-international.de","telephone":"+49 172 7477707","legalName":"Zeitarbeit International s.r.o.","vatID":"USt-IdNr: SK2122039601","numberOfEmployees":{"@type":"QuantitativeValue","minValue":"1","maxValue":"10"}},{"@type":"Person","@id":"https:\/\/ingenieure-international.de\/#\/schema\/person\/064620735963b0986d160362e4519f5b","name":"engineers","image":{"@type":"ImageObject","inLanguage":"en-GB","@id":"https:\/\/ingenieure-international.de\/#\/schema\/person\/image\/","url":"https:\/\/secure.gravatar.com\/avatar\/bf0705ee7355d436dbb00a57719007236391f3acf93adc67df955e3ad435f3c9?s=96&d=mm&r=g","contentUrl":"https:\/\/secure.gravatar.com\/avatar\/bf0705ee7355d436dbb00a57719007236391f3acf93adc67df955e3ad435f3c9?s=96&d=mm&r=g","caption":"Ingenieure"},"url":"https:\/\/ingenieure-international.de\/en\/author\/ingenieure\/"}]}},"_links":{"self":[{"href":"https:\/\/ingenieure-international.de\/en\/wp-json\/wp\/v2\/pages\/9193","targetHints":{"allow":["GET"]}}],"collection":[{"href":"https:\/\/ingenieure-international.de\/en\/wp-json\/wp\/v2\/pages"}],"about":[{"href":"https:\/\/ingenieure-international.de\/en\/wp-json\/wp\/v2\/types\/page"}],"author":[{"embeddable":true,"href":"https:\/\/ingenieure-international.de\/en\/wp-json\/wp\/v2\/users\/2"}],"replies":[{"embeddable":true,"href":"https:\/\/ingenieure-international.de\/en\/wp-json\/wp\/v2\/comments?post=9193"}],"version-history":[{"count":10,"href":"https:\/\/ingenieure-international.de\/en\/wp-json\/wp\/v2\/pages\/9193\/revisions"}],"predecessor-version":[{"id":10058,"href":"https:\/\/ingenieure-international.de\/en\/wp-json\/wp\/v2\/pages\/9193\/revisions\/10058"}],"wp:attachment":[{"href":"https:\/\/ingenieure-international.de\/en\/wp-json\/wp\/v2\/media?parent=9193"}],"curies":[{"name":"wp","href":"https:\/\/api.w.org\/{rel}","templated":true}]}}